{"id":5754,"date":"2025-06-12T14:32:02","date_gmt":"2025-06-12T14:32:02","guid":{"rendered":"https:\/\/utilajagricol.ro\/?post_type=product&#038;p=5754"},"modified":"2025-06-12T14:34:37","modified_gmt":"2025-06-12T14:34:37","slug":"semanatoare-universala-de-plante-paioase-bufer-3-m-fara-fertilizare-dublu-disc-24-randuri-cu-roti-de-tasare-eradicator-urma-scormonitori-sistem-de-cantarire-si-extensie-buncar","status":"publish","type":"product","link":"https:\/\/agricosad.ro\/index.php\/product\/semanatoare-universala-de-plante-paioase-bufer-3-m-fara-fertilizare-dublu-disc-24-randuri-cu-roti-de-tasare-eradicator-urma-scormonitori-sistem-de-cantarire-si-extensie-buncar\/","title":{"rendered":"Cositoare Poloneza 1.85m, rotativa cu tamburi, 50 CP"},"content":{"rendered":"<p>Cositoare Poloneza 1.85m, rotativa cu tamburi, 50 CP<\/p>\n<p><strong>AVANTAJE<\/strong><\/p>\n<p>&#8211; Roata de tasare<br \/>\n&#8211; Scormonitori<br \/>\n&#8211; Sistem de cantarire<\/p>\n<table>\n<tbody>\n<tr>\n<td>Distan\u021b\u0103 \u00eentre r\u00e2nduri<\/td>\n<td>12.5 cm<\/td>\n<\/tr>\n<tr>\n<td>L\u0103\u021bime total\u0103<\/td>\n<td>300 cm<\/td>\n<\/tr>\n<tr>\n<td>L\u0103\u021bime de lucru<\/td>\n<td>300 cm<\/td>\n<\/tr>\n<tr>\n<td>Num\u0103r discuri<\/td>\n<td>24<\/td>\n<\/tr>\n<tr>\n<td>Greutate<\/td>\n<td>1050 kg<\/td>\n<\/tr>\n<tr>\n<td>Dimensiuni ro\u021bi<\/td>\n<td>6.00&#215;16<\/td>\n<\/tr>\n<tr>\n<td>Capacitate bunc\u0103r<\/td>\n<td>480 litri<\/td>\n<\/tr>\n<tr>\n<td>Putere necesar\u0103 tractor<\/td>\n<td>100 CP<\/td>\n<\/tr>\n<tr>\n<td>Tip prindere<\/td>\n<td>Cuplaj \u00een trei puncte cu punctul 1 \u0219i 2 flotante, cat II<\/td>\n<\/tr>\n<tr>\n<td>Eradicator urm\u0103<\/td>\n<td>Da<\/td>\n<\/tr>\n<tr>\n<td>Sistem de c\u00e2nt\u0103rire<\/td>\n<td>Da<\/td>\n<\/tr>\n<tr>\n<td>Bunc\u0103r fertilizare<\/td>\n<td>Nu<\/td>\n<\/tr>\n<tr>\n<td>Simplu disc<\/td>\n<td>Dublu disc<\/td>\n<\/tr>\n<tr>\n<td>Calculator<\/td>\n<td>Nu<\/td>\n<\/tr>\n<\/tbody>\n<\/table>\n","protected":false},"excerpt":{"rendered":"<p>Cositoare Poloneza 1.85m, rotativa cu tamburi, 50 CP<\/p>\n","protected":false},"featured_media":5676,"template":"","meta":{"_joinchat":[]},"product_brand":[],"product_cat":[62],"product_tag":[],"class_list":{"0":"post-5754","1":"product","2":"type-product","3":"status-publish","4":"has-post-thumbnail","6":"product_cat-cositori","8":"first","9":"instock","10":"shipping-taxable","11":"product-type-simple"},"jetpack_sharing_enabled":true,"_links":{"self":[{"href":"https:\/\/agricosad.ro\/index.php\/wp-json\/wp\/v2\/product\/5754","targetHints":{"allow":["GET"]}}],"collection":[{"href":"https:\/\/agricosad.ro\/index.php\/wp-json\/wp\/v2\/product"}],"about":[{"href":"https:\/\/agricosad.ro\/index.php\/wp-json\/wp\/v2\/types\/product"}],"wp:featuredmedia":[{"embeddable":true,"href":"https:\/\/agricosad.ro\/index.php\/wp-json\/wp\/v2\/media\/5676"}],"wp:attachment":[{"href":"https:\/\/agricosad.ro\/index.php\/wp-json\/wp\/v2\/media?parent=5754"}],"wp:term":[{"taxonomy":"product_brand","embeddable":true,"href":"https:\/\/agricosad.ro\/index.php\/wp-json\/wp\/v2\/product_brand?post=5754"},{"taxonomy":"product_cat","embeddable":true,"href":"https:\/\/agricosad.ro\/index.php\/wp-json\/wp\/v2\/product_cat?post=5754"},{"taxonomy":"product_tag","embeddable":true,"href":"https:\/\/agricosad.ro\/index.php\/wp-json\/wp\/v2\/product_tag?post=5754"}],"curies":[{"name":"wp","href":"https:\/\/api.w.org\/{rel}","templated":true}]}}