{"id":5888,"date":"2025-06-13T06:16:54","date_gmt":"2025-06-13T06:16:54","guid":{"rendered":"https:\/\/utilajagricol.ro\/?post_type=product&#038;p=5888"},"modified":"2025-06-13T06:17:04","modified_gmt":"2025-06-13T06:17:04","slug":"tocator-resturi-vegetale-geo-model-agl","status":"publish","type":"product","link":"https:\/\/agricosad.ro\/index.php\/product\/tocator-resturi-vegetale-geo-model-agl\/","title":{"rendered":"Tocator resturi vegetale Geo model AGL"},"content":{"rendered":"<table border=\"1\" cellspacing=\"0\" cellpadding=\"6\">\n<thead>\n<tr>\n<th>Model<\/th>\n<th>L\u0103\u021bime de lucru (cm)<\/th>\n<th>Putere necesar\u0103 (CP)<\/th>\n<th>Mas\u0103 (kg)<\/th>\n<th>Num\u0103r cu\u021bite (buc)<\/th>\n<\/tr>\n<\/thead>\n<tbody>\n<tr>\n<td>AGL 125<\/td>\n<td>125<\/td>\n<td>30<\/td>\n<td>250<\/td>\n<td>&#8220;Y&#8221; \/ 42<\/td>\n<\/tr>\n<tr>\n<td>AGL 145<\/td>\n<td>145<\/td>\n<td>30<\/td>\n<td>280<\/td>\n<td>&#8220;Y&#8221; \/ 48<\/td>\n<\/tr>\n<tr>\n<td>AGL 165<\/td>\n<td>165<\/td>\n<td>30<\/td>\n<td>310<\/td>\n<td>&#8220;Y&#8221; \/ 54<\/td>\n<\/tr>\n<\/tbody>\n<\/table>\n<ul>\n<li>Cutie de viteze din font\u0103<\/li>\n<li>Curele robuste din\u021bate, cu c\u00e2rlige duble<\/li>\n<li>Rol\u0103 spate reglabil\u0103 cu raclet\u0103 pentru noroi<\/li>\n<li>Pere\u021bi de protec\u021bie frontal\u0103<\/li>\n<li>\u00centinz\u0103tor reglabil \u0219i rotor echilibrat electronic<\/li>\n<li>Lam\u0103 de t\u0103iere mare pentru t\u0103iere eficient\u0103<\/li>\n<li>Disponibil cu cu\u021bite tip &#8220;Y&#8221; sau ciocane pentru iarb\u0103<\/li>\n<li>Prindere \u00een 3 puncte spate, categoria II<\/li>\n<li>Suport pentru ax cardanic<\/li>\n<\/ul>\n","protected":false},"excerpt":{"rendered":"<p>Tocator resturi vegetale Geo model AGL<\/p>\n","protected":false},"featured_media":5699,"template":"","meta":{"_joinchat":[]},"product_brand":[],"product_cat":[79],"product_tag":[],"class_list":{"0":"post-5888","1":"product","2":"type-product","3":"status-publish","4":"has-post-thumbnail","6":"product_cat-tocatori","8":"first","9":"instock","10":"shipping-taxable","11":"product-type-simple"},"jetpack_sharing_enabled":true,"_links":{"self":[{"href":"https:\/\/agricosad.ro\/index.php\/wp-json\/wp\/v2\/product\/5888","targetHints":{"allow":["GET"]}}],"collection":[{"href":"https:\/\/agricosad.ro\/index.php\/wp-json\/wp\/v2\/product"}],"about":[{"href":"https:\/\/agricosad.ro\/index.php\/wp-json\/wp\/v2\/types\/product"}],"wp:featuredmedia":[{"embeddable":true,"href":"https:\/\/agricosad.ro\/index.php\/wp-json\/wp\/v2\/media\/5699"}],"wp:attachment":[{"href":"https:\/\/agricosad.ro\/index.php\/wp-json\/wp\/v2\/media?parent=5888"}],"wp:term":[{"taxonomy":"product_brand","embeddable":true,"href":"https:\/\/agricosad.ro\/index.php\/wp-json\/wp\/v2\/product_brand?post=5888"},{"taxonomy":"product_cat","embeddable":true,"href":"https:\/\/agricosad.ro\/index.php\/wp-json\/wp\/v2\/product_cat?post=5888"},{"taxonomy":"product_tag","embeddable":true,"href":"https:\/\/agricosad.ro\/index.php\/wp-json\/wp\/v2\/product_tag?post=5888"}],"curies":[{"name":"wp","href":"https:\/\/api.w.org\/{rel}","templated":true}]}}